{"id":493,"date":"2021-03-01T13:26:08","date_gmt":"2021-03-01T13:26:08","guid":{"rendered":"https:\/\/toyseramalzemeleri.com\/contact\/"},"modified":"2023-03-13T09:34:30","modified_gmt":"2023-03-13T09:34:30","slug":"contact","status":"publish","type":"page","link":"https:\/\/www.toyseramalzemeleri.com\/en\/contact\/","title":{"rendered":"Contact"},"content":{"rendered":"\t\t<div data-elementor-type=\"wp-page\" data-elementor-id=\"493\" class=\"elementor elementor-493 elementor-20\" data-elementor-settings=\"{&quot;element_pack_global_tooltip_width&quot;:{&quot;unit&quot;:&quot;px&quot;,&quot;size&quot;:&quot;&quot;,&quot;sizes&quot;:[]},&quot;element_pack_global_tooltip_width_tablet&quot;:{&quot;unit&quot;:&quot;px&quot;,&quot;size&quot;:&quot;&quot;,&quot;sizes&quot;:[]},&quot;element_pack_global_tooltip_width_mobile&quot;:{&quot;unit&quot;:&quot;px&quot;,&quot;size&quot;:&quot;&quot;,&quot;sizes&quot;:[]},&quot;element_pack_global_tooltip_padding&quot;:{&quot;unit&quot;:&quot;px&quot;,&quot;top&quot;:&quot;&quot;,&quot;right&quot;:&quot;&quot;,&quot;bottom&quot;:&quot;&quot;,&quot;left&quot;:&quot;&quot;,&quot;isLinked&quot;:true},&quot;element_pack_global_tooltip_padding_tablet&quot;:{&quot;unit&quot;:&quot;px&quot;,&quot;top&quot;:&quot;&quot;,&quot;right&quot;:&quot;&quot;,&quot;bottom&quot;:&quot;&quot;,&quot;left&quot;:&quot;&quot;,&quot;isLinked&quot;:true},&quot;element_pack_global_tooltip_padding_mobile&quot;:{&quot;unit&quot;:&quot;px&quot;,&quot;top&quot;:&quot;&quot;,&quot;right&quot;:&quot;&quot;,&quot;bottom&quot;:&quot;&quot;,&quot;left&quot;:&quot;&quot;,&quot;isLinked&quot;:true},&quot;element_pack_global_tooltip_border_radius&quot;:{&quot;unit&quot;:&quot;px&quot;,&quot;top&quot;:&quot;&quot;,&quot;right&quot;:&quot;&quot;,&quot;bottom&quot;:&quot;&quot;,&quot;left&quot;:&quot;&quot;,&quot;isLinked&quot;:true},&quot;element_pack_global_tooltip_border_radius_tablet&quot;:{&quot;unit&quot;:&quot;px&quot;,&quot;top&quot;:&quot;&quot;,&quot;right&quot;:&quot;&quot;,&quot;bottom&quot;:&quot;&quot;,&quot;left&quot;:&quot;&quot;,&quot;isLinked&quot;:true},&quot;element_pack_global_tooltip_border_radius_mobile&quot;:{&quot;unit&quot;:&quot;px&quot;,&quot;top&quot;:&quot;&quot;,&quot;right&quot;:&quot;&quot;,&quot;bottom&quot;:&quot;&quot;,&quot;left&quot;:&quot;&quot;,&quot;isLinked&quot;:true}}\" data-elementor-post-type=\"page\">\n\t\t\t\t\t\t<section class=\"ep-section-eql-height elementor-section elementor-top-section elementor-element elementor-element-22b37cd elementor-section-boxed elementor-section-height-default elementor-section-height-default\" bdt-height-match=\"target: .ep-section-eql-height .elementor-element .elementor-widget &gt; .elementor-widget-container\" data-id=\"22b37cd\" data-element_type=\"section\" data-e-type=\"section\">\n\t\t\t\t\t\t<div class=\"elementor-container elementor-column-gap-default\">\n\t\t\t\t\t<div class=\"elementor-column elementor-col-33 elementor-top-column elementor-element elementor-element-2561169\" data-id=\"2561169\" data-element_type=\"column\" data-e-type=\"column\">\n\t\t\t<div class=\"elementor-widget-wrap elementor-element-populated\">\n\t\t\t\t\t\t<div class=\"elementor-element elementor-element-bbfc25b bdt-icon-type-icon elementor-position-top bdt-icon-effect-none elementor-widget elementor-widget-bdt-advanced-icon-box\" data-id=\"bbfc25b\" data-element_type=\"widget\" data-e-type=\"widget\" data-widget_type=\"bdt-advanced-icon-box.default\">\n\t\t\t\t<div class=\"elementor-widget-container\">\n\t\t\t\t\t\t\t<div class=\"bdt-ep-advanced-icon-box\">\n\n\t\t\t\t\t\t\t\n\t\t\t\t\t<div class=\"bdt-ep-advanced-icon-box-icon\">\n\t\t\t\t<span class=\"bdt-ep-advanced-icon-box-icon-wrap\">\n\n\n\t\t\t\t\t\n\t\t\t\t\t\t<svg xmlns=\"http:\/\/www.w3.org\/2000\/svg\" xmlns:xlink=\"http:\/\/www.w3.org\/1999\/xlink\" id=\"Capa_1\" x=\"0px\" y=\"0px\" viewBox=\"0 0 512 512\" style=\"enable-background:new 0 0 512 512;\" xml:space=\"preserve\"><style type=\"text\/css\">\t.st0{fill:#70B33A;}<\/style><g>\t<g>\t\t<path class=\"st0\" d=\"M324.5,342.7h145.8c22.4,0,41.2-17.6,41.7-40c0.5-23-18-41.9-40.9-41.9H367.5l11.9-18.4    c23-6.3,43.8-19.9,58.8-38.7c16.1-20.1,25-45.4,25-71.3c0-62.9-51.1-114-114-114s-114,51.1-114,114c0,25.8,8.9,51.2,25,71.3    c15,18.7,35.8,32.4,58.8,38.7l21.7,33.7l0,0c1.8,2.9,5,4.7,8.4,4.7l0,0h121.3c11.3,0,21,8.8,21.5,20.1    c0.5,11.9-9.1,21.8-20.9,21.8H324.8c-23.3,0-43.1,19.1-42.9,42.4c0.1,11.3,4.6,22,12.8,29.9c8,7.8,18.9,11.9,30,11.9    c29.1,0,71.9,0,104,0c8.8,0,17.4,3.2,23.8,9.4c6.6,6.4,10.2,15,10.2,24.2v0.5c0,8.5-3.1,16.8-9,22.9c-6.1,6.3-14.3,9.8-23,9.8    H141.8l14-21.8c25-6.8,47.6-21.6,63.9-42c17.5-21.8,27.1-49.2,27.1-77.1c0-68-55.3-123.4-123.4-123.4S0,264.7,0,332.7    c0,28,9.6,55.4,27.1,77.1C43.4,430.2,66,445,91,451.8l23.9,37.1c0,0,0,0.1,0.1,0.1c1.8,2.8,5,4.6,8.4,4.6l0,0h307.2l0,0    c13.7,0,26.7-5.3,36.4-14.9c10.2-10,15.6-23.8,15.6-38v-0.2c0-14.3-5.5-27.8-15.6-37.9s-23.5-15.7-37.7-15.7l0,0    c-32.2,0-75.6,0-104.9,0c-5.8,0-11.4-2.1-15.6-6c-4.6-4.3-7-10.3-6.9-16.6C302.2,352.2,312.4,342.7,324.5,342.7L324.5,342.7z     M327.5,223.9c-42.6-10-72.4-47.7-72.4-91.5c0-51.8,42.2-94,94-94s94,42.2,94,94c0,43.9-29.8,81.5-72.4,91.5    c-2.5,0.6-4.7,2.1-6.1,4.3l-15.5,24.1l-15.5-24.1C332.3,226.1,330.1,224.5,327.5,223.9L327.5,223.9z M99.6,433.4    C52.7,422.3,20,380.9,20,332.7c0-57,46.4-103.4,103.4-103.4s103.4,46.4,103.4,103.4c0,48.2-32.7,89.6-79.6,100.6    c-2.5,0.6-4.7,2.1-6.1,4.3L123.4,465l-17.7-27.4C104.3,435.5,102.1,434,99.6,433.4z\"><\/path>\t<\/g>\t<g>\t\t<ellipse class=\"st0\" cx=\"123.4\" cy=\"332.7\" rx=\"64.2\" ry=\"64.2\"><\/ellipse>\t\t<ellipse class=\"st0\" cx=\"349.2\" cy=\"132.4\" rx=\"58.9\" ry=\"58.9\"><\/ellipse>\t<\/g><\/g><\/svg>\n\n\t\t\t\t\t\t\t\t\t<\/span>\n\t\t\t<\/div>\n\t\t\n\t\t\t\t\n\t\t\t<div class=\"bdt-ep-advanced-icon-box-content\">\n\n\t\t\t\t\t\t\t\t\t\n\t\t\t\t\t<h3 class=\"bdt-ep-advanced-icon-box-title ep-title-\">\n\t\t\t\t<span >\n\t\t\t\t\tContact Address\t\t\t\t<\/span>\n\t\t\t<\/h3>\n\t\t\n\n\t\t\n\t\t\t\t\t\n\t\t\t\t\n\t\t\t\t\t\t\t\t\t<div class=\"bdt-ep-advanced-icon-box-description\">\n\t\t\t\t\t\t<p>Alt\u0131nta\u015f Mah. Alt\u0131ner Sok. No: 2,07100 Aksu\/Antalya<\/p>\t\t\t\t\t<\/div>\n\t\t\t\t\n\t\t\t\t\t\t\t<\/div>\n\t\t<\/div>\n\n\t\t\n\t\t\n\t\t\t\t<\/div>\n\t\t\t\t<\/div>\n\t\t\t\t\t<\/div>\n\t\t<\/div>\n\t\t\t\t<div class=\"elementor-column elementor-col-33 elementor-top-column elementor-element elementor-element-8a2ae8b\" data-id=\"8a2ae8b\" data-element_type=\"column\" data-e-type=\"column\">\n\t\t\t<div class=\"elementor-widget-wrap elementor-element-populated\">\n\t\t\t\t\t\t<div class=\"elementor-element elementor-element-c8c7b81 bdt-global-link-yes bdt-icon-type-icon elementor-position-top bdt-icon-effect-none elementor-widget elementor-widget-bdt-advanced-icon-box\" data-id=\"c8c7b81\" data-element_type=\"widget\" data-e-type=\"widget\" id=\"phone-tel\" data-widget_type=\"bdt-advanced-icon-box.default\">\n\t\t\t\t<div class=\"elementor-widget-container\">\n\t\t\t\t\t\t\t<div class=\"bdt-ep-advanced-icon-box\" onclick=\"window.open(&#039;tel:+905325792407&#039;, &#039;_self&#039;)\">\n\n\t\t\t\t\t\t\t\n\t\t\t\t\t<div class=\"bdt-ep-advanced-icon-box-icon\">\n\t\t\t\t<span class=\"bdt-ep-advanced-icon-box-icon-wrap\">\n\n\n\t\t\t\t\t\n\t\t\t\t\t\t<svg xmlns=\"http:\/\/www.w3.org\/2000\/svg\" xmlns:xlink=\"http:\/\/www.w3.org\/1999\/xlink\" id=\"Capa_1\" x=\"0px\" y=\"0px\" viewBox=\"0 0 512 512\" style=\"enable-background:new 0 0 512 512;\" xml:space=\"preserve\"><style type=\"text\/css\">\t.st0{fill:#70B33A;}<\/style><g>\t<g>\t\t<path class=\"st0\" d=\"M292.3,2.5c-66.4,0-126,29.4-166.2,76c5.6,2.8,10.9,6.6,15.6,11.3l28.3,28.4c29.4-34.6,73.3-56.5,122.3-56.5    c88.6,0,160.5,71.8,160.5,160.3c0,49.2-22.1,93.1-57,122.6l22.8,22.8c6.8,6.8,11.6,14.7,14.5,23.2c48.3-40.3,79-100.9,79-168.6    C512,100.8,413.6,2.5,292.3,2.5L292.3,2.5z\"><\/path>\t<\/g>\t<g>\t\t<path class=\"st0\" d=\"M425.6,360.4l-32.7-32.8c-12.9-13-30.1-20.1-48.3-20.1s-35.4,7.1-48.3,20.1l-29.5,29.6l-115-115.1l29.5-29.6    c26.6-26.7,26.6-70.2,0-96.9l-32.7-32.8C135.4,69.4,117.6,62,98.8,62s-36.6,7.4-50,20.8c-0.3,0.3-0.5,0.6-0.8,0.9L32,104    c-15.3,19.4-25.6,42.4-29.8,66.6c-4.3,24.4-2.3,49.6,5.7,72.8c5.8,16.8,13.1,29.7,21.7,38.3L227.4,480    c6.8,6.8,16.4,12.9,28.5,18.1c18,7.7,37.1,11.5,56.2,11.5c31.8,0,63.5-10.4,89.8-30.6l22.8-17.5c0.3-0.3,0.7-0.6,1-0.9    C453.1,432.9,453.1,388,425.6,360.4L425.6,360.4z M411.9,445.9L389.7,463c-36.4,27.9-84.6,34.3-126,16.7    c-9.7-4.1-17.1-8.8-22.2-13.8L43.8,267.6c-6.5-6.5-12.2-16.8-17-30.7C12.7,196,20.5,151,47.7,116.4l15.6-19.8    C72.9,87.2,85.4,82,98.8,82c13.5,0,26.2,5.3,35.8,14.9l32.7,32.8c18.9,18.9,18.9,49.7,0,68.6L130.6,235c-3.9,3.9-3.9,10.2,0,14.1    l129,129.3c1.9,1.9,4.4,2.9,7.1,2.9s5.2-1.1,7.1-2.9l36.6-36.7c9.1-9.2,21.3-14.2,34.2-14.2c12.9,0,25,5,34.2,14.2l32.7,32.8    C431.1,394.2,431.2,426.1,411.9,445.9L411.9,445.9z\"><\/path>\t\t<g>\t\t\t<path class=\"st0\" d=\"M361,221.7h-1.1c0.1-21,0.2-43.5-0.1-46.7c-0.6-7.1-4.8-12.8-10.8-14.7c-5.9-1.8-12.2,0.5-16.8,6.2     c-5,6.1-28,47.7-34.9,60.3c-1.7,3.1-1.6,6.9,0.2,9.9c1.8,3,5.1,4.9,8.6,4.9h33.7c0,5.6-0.1,11-0.1,15.8c0,5.5,4.4,10,9.9,10.1     h0.1c5.5,0,10-4.4,10-9.9c0-3,0.1-8.8,0.1-16h1.3c5.5,0,10-4.5,10-10C371,226.2,366.5,221.7,361,221.7z M339.9,221.7H323     c6.3-11.2,12.3-22,17-29.9C340,200,340,210.6,339.9,221.7L339.9,221.7z\"><\/path>\t\t\t<path class=\"st0\" d=\"M282.5,250.4c-8.8,0.1-18.1,0.2-25.9,0.2c4.9-6.5,11.6-15.8,20.8-28.9c5.6-8,9.2-15.6,10.8-22.5     c0.4-1.6,0.7-4.6,0.7-5.6c0-17.9-14.5-32.5-32.4-32.5c-15.4,0-28.8,11-31.8,26.2c-1.1,5.4,2.5,10.7,7.9,11.7     c5.4,1.1,10.7-2.5,11.7-7.9c1.1-5.8,6.2-10,12.2-10c6.6,0,12.1,5.3,12.4,11.9l-0.3,2.1c-1.1,4.3-3.7,9.4-7.7,15.2     c-13.9,19.9-22.1,30.8-26.6,36.6c-5.5,7.2-8,10.5-6.3,16c1,3.2,3.5,5.7,6.7,6.8c1.3,0.4,2.6,0.9,19.6,0.9     c6.7,0,15.8-0.1,28.3-0.2c5.5-0.1,9.9-4.6,9.9-10.1C292.5,254.8,288,250.4,282.5,250.4L282.5,250.4z\"><\/path>\t\t<\/g>\t<\/g><\/g><\/svg>\n\n\t\t\t\t\t\t\t\t\t<\/span>\n\t\t\t<\/div>\n\t\t\n\t\t\t\t\n\t\t\t<div class=\"bdt-ep-advanced-icon-box-content\">\n\n\t\t\t\t\t\t\t\t\t\n\t\t\t\t\t<h3 class=\"bdt-ep-advanced-icon-box-title ep-title-\">\n\t\t\t\t<span >\n\t\t\t\t\tTelephone Information\t\t\t\t<\/span>\n\t\t\t<\/h3>\n\t\t\n\n\t\t\n\t\t\t\t\t\n\t\t\t\t\n\t\t\t\t\t\t\t\t\t<div class=\"bdt-ep-advanced-icon-box-description\">\n\t\t\t\t\t\t+90 532 579 2407\t\t\t\t\t<\/div>\n\t\t\t\t\n\t\t\t\t\t\t\t<\/div>\n\t\t<\/div>\n\n\t\t\n\t\t\n\t\t\t\t<\/div>\n\t\t\t\t<\/div>\n\t\t\t\t\t<\/div>\n\t\t<\/div>\n\t\t\t\t<div class=\"elementor-column elementor-col-33 elementor-top-column elementor-element elementor-element-86ce2d0\" data-id=\"86ce2d0\" data-element_type=\"column\" data-e-type=\"column\">\n\t\t\t<div class=\"elementor-widget-wrap elementor-element-populated\">\n\t\t\t\t\t\t<div class=\"elementor-element elementor-element-2919456 bdt-icon-type-icon elementor-position-top bdt-icon-effect-none elementor-widget elementor-widget-bdt-advanced-icon-box\" data-id=\"2919456\" data-element_type=\"widget\" data-e-type=\"widget\" data-widget_type=\"bdt-advanced-icon-box.default\">\n\t\t\t\t<div class=\"elementor-widget-container\">\n\t\t\t\t\t\t\t<div class=\"bdt-ep-advanced-icon-box\">\n\n\t\t\t\t\t\t\t\n\t\t\t\t\t<div class=\"bdt-ep-advanced-icon-box-icon\">\n\t\t\t\t<span class=\"bdt-ep-advanced-icon-box-icon-wrap\">\n\n\n\t\t\t\t\t\n\t\t\t\t\t\t<svg xmlns=\"http:\/\/www.w3.org\/2000\/svg\" xmlns:xlink=\"http:\/\/www.w3.org\/1999\/xlink\" id=\"Layer_1\" x=\"0px\" y=\"0px\" viewBox=\"0 0 512 512\" style=\"enable-background:new 0 0 512 512;\" xml:space=\"preserve\"><style type=\"text\/css\">\t.st0{fill:#70B33A;}<\/style><g>\t<g>\t\t<path class=\"st0\" d=\"M470.2,31.5H41.8C18.7,31.5,0,50.2,0,73.2v250.5c0,23,18.7,41.8,41.8,41.8h24.4v103.1c0,4.8,2.9,9.2,7.3,11    c1.5,0.6,3,0.9,4.6,0.9c3.1,0,6.1-1.2,8.4-3.5L198,365.5h272.2c23,0,41.8-18.7,41.8-41.8V73.2C512,50.2,493.3,31.5,470.2,31.5z     M470.2,341.7H193.1c-3.1,0-5.9,1.2-8,3.1c0,0,0,0-0.1,0.1s-0.3,0.3-0.4,0.4L90,439.9v-86.2c0-0.4,0-0.8-0.1-1.1    c-0.6-6.1-5.6-10.8-11.8-10.8H41.8c-9.9,0-18-8.1-18-18V73.2c0-9.9,8.1-18,18-18h428.5c9.9,0,18,8.1,18,18v250.5l0,0    C488.2,333.7,480.1,341.7,470.2,341.7z\"><\/path>\t<\/g><\/g><g>\t<g>\t\t<path class=\"st0\" d=\"M174,118.4h-69.4c-6.6,0-11.9,5.3-11.9,11.9c0,6.6,5.3,11.9,11.9,11.9H174c6.6,0,11.9-5.3,11.9-11.9    C185.9,123.8,180.6,118.4,174,118.4z\"><\/path>\t<\/g><\/g><g>\t<g>\t\t<path class=\"st0\" d=\"M297.7,186.6H104.6c-6.6,0-11.9,5.3-11.9,11.9c0,6.6,5.3,11.9,11.9,11.9h193.2c6.6,0,11.9-5.3,11.9-11.9    C309.6,191.9,304.3,186.6,297.7,186.6z\"><\/path>\t<\/g><\/g><g>\t<g>\t\t<path class=\"st0\" d=\"M407.4,118.4H243.5c-6.6,0-11.9,5.3-11.9,11.9c0,6.6,5.3,11.9,11.9,11.9h163.9c6.6,0,11.9-5.3,11.9-11.9    C419.3,123.8,414,118.4,407.4,118.4z\"><\/path>\t<\/g><\/g><g>\t<g>\t\t<path class=\"st0\" d=\"M407.4,186.6h-43.1c-6.6,0-11.9,5.3-11.9,11.9c0,6.6,5.3,11.9,11.9,11.9h43.1c6.6,0,11.9-5.3,11.9-11.9    C419.3,191.9,414,186.6,407.4,186.6z\"><\/path>\t<\/g><\/g><g>\t<g>\t\t<path class=\"st0\" d=\"M212.4,254.8H104.6c-6.6,0-11.9,5.3-11.9,11.9s5.3,11.9,11.9,11.9h107.8c6.6,0,11.9-5.3,11.9-11.9    C224.3,260.1,219,254.8,212.4,254.8z\"><\/path>\t<\/g><\/g><g>\t<g>\t\t<path class=\"st0\" d=\"M407.4,254.8H275.7c-6.6,0-11.9,5.3-11.9,11.9s5.3,11.9,11.9,11.9h131.7c6.6,0,11.9-5.3,11.9-11.9    C419.3,260.1,414,254.8,407.4,254.8z\"><\/path>\t<\/g><\/g><\/svg>\n\n\t\t\t\t\t\t\t\t\t<\/span>\n\t\t\t<\/div>\n\t\t\n\t\t\t\t\n\t\t\t<div class=\"bdt-ep-advanced-icon-box-content\">\n\n\t\t\t\t\t\t\t\t\t\n\t\t\t\t\t<h3 class=\"bdt-ep-advanced-icon-box-title ep-title-\">\n\t\t\t\t<span >\n\t\t\t\t\tOur e-mail address\t\t\t\t<\/span>\n\t\t\t<\/h3>\n\t\t\n\n\t\t\n\t\t\t\t\t\n\t\t\t\t\n\t\t\t\t\t\t\t\t\t<div class=\"bdt-ep-advanced-icon-box-description\">\n\t\t\t\t\t\t<p>info@toyseramalzemeleri.com<\/p>\t\t\t\t\t<\/div>\n\t\t\t\t\n\t\t\t\t\t\t\t<\/div>\n\t\t<\/div>\n\n\t\t\n\t\t\n\t\t\t\t<\/div>\n\t\t\t\t<\/div>\n\t\t\t\t\t<\/div>\n\t\t<\/div>\n\t\t\t\t\t<\/div>\n\t\t<\/section>\n\t\t\t\t<section class=\"elementor-section elementor-top-section elementor-element elementor-element-55fe3bb elementor-section-boxed elementor-section-height-default elementor-section-height-default\" data-id=\"55fe3bb\" data-element_type=\"section\" data-e-type=\"section\">\n\t\t\t\t\t\t<div class=\"elementor-container elementor-column-gap-default\">\n\t\t\t\t\t<div class=\"elementor-column elementor-col-100 elementor-top-column elementor-element elementor-element-4b19827\" data-id=\"4b19827\" data-element_type=\"column\" data-e-type=\"column\">\n\t\t\t<div class=\"elementor-widget-wrap elementor-element-populated\">\n\t\t\t\t\t\t<div class=\"elementor-element elementor-element-49966bc elementor-widget elementor-widget-heading\" data-id=\"49966bc\" data-element_type=\"widget\" data-e-type=\"widget\" data-widget_type=\"heading.default\">\n\t\t\t\t<div class=\"elementor-widget-container\">\n\t\t\t\t\t<h2 class=\"elementor-heading-title elementor-size-default\">Write Us<\/h2>\t\t\t\t<\/div>\n\t\t\t\t<\/div>\n\t\t\t\t<div class=\"elementor-element elementor-element-8393018 elementor-button-align-stretch elementor-widget elementor-widget-form\" data-id=\"8393018\" data-element_type=\"widget\" data-e-type=\"widget\" data-settings=\"{&quot;step_next_label&quot;:&quot;\\u0130leri&quot;,&quot;step_previous_label&quot;:&quot;Geri&quot;,&quot;button_width&quot;:&quot;100&quot;,&quot;step_type&quot;:&quot;number_text&quot;,&quot;step_icon_shape&quot;:&quot;circle&quot;}\" data-widget_type=\"form.default\">\n\t\t\t\t<div class=\"elementor-widget-container\">\n\t\t\t\t\t\t\t<form class=\"elementor-form\" method=\"post\" name=\"Contact Form\" aria-label=\"Contact Form\">\n\t\t\t<input type=\"hidden\" name=\"post_id\" value=\"493\"\/>\n\t\t\t<input type=\"hidden\" name=\"form_id\" value=\"8393018\"\/>\n\t\t\t<input type=\"hidden\" name=\"referer_title\" value=\"Contact | Toy Sera Malzemeleri\" \/>\n\n\t\t\t\t\t\t\t<input type=\"hidden\" name=\"queried_id\" value=\"493\"\/>\n\t\t\t\n\t\t\t<div class=\"elementor-form-fields-wrapper elementor-labels-above\">\n\t\t\t\t\t\t\t\t<div class=\"elementor-field-type-text elementor-field-group elementor-column elementor-field-group-name elementor-col-100 elementor-field-required\">\n\t\t\t\t\t\t\t\t\t\t\t\t\t<input size=\"1\" type=\"text\" name=\"form_fields[name]\" id=\"form-field-name\" class=\"elementor-field elementor-size-sm  elementor-field-textual\" placeholder=\"Name surname\" required=\"required\">\n\t\t\t\t\t\t\t\t\t\t\t<\/div>\n\t\t\t\t\t\t\t\t<div class=\"elementor-field-type-tel elementor-field-group elementor-column elementor-field-group-email elementor-col-50\">\n\t\t\t\t\t\t\t<input size=\"1\" type=\"tel\" name=\"form_fields[email]\" id=\"form-field-email\" class=\"elementor-field elementor-size-sm  elementor-field-textual\" placeholder=\"Phone\" pattern=\"[0-9()#&amp;+*-=.]+\" title=\"Only numbers and phone characters (#, -, *, etc) are accepted.\">\n\n\t\t\t\t\t\t<\/div>\n\t\t\t\t\t\t\t\t<div class=\"elementor-field-type-email elementor-field-group elementor-column elementor-field-group-field_654fa23 elementor-col-50 elementor-field-required\">\n\t\t\t\t\t\t\t\t\t\t\t\t\t<input size=\"1\" type=\"email\" name=\"form_fields[field_654fa23]\" id=\"form-field-field_654fa23\" class=\"elementor-field elementor-size-sm  elementor-field-textual\" placeholder=\"E-Mail Address\" required=\"required\">\n\t\t\t\t\t\t\t\t\t\t\t<\/div>\n\t\t\t\t\t\t\t\t<div class=\"elementor-field-type-textarea elementor-field-group elementor-column elementor-field-group-message elementor-col-100 elementor-field-required\">\n\t\t\t\t\t<textarea class=\"elementor-field-textual elementor-field  elementor-size-sm\" name=\"form_fields[message]\" id=\"form-field-message\" rows=\"8\" placeholder=\"Your message\" required=\"required\"><\/textarea>\t\t\t\t<\/div>\n\t\t\t\t\t\t\t\t<div class=\"elementor-field-group elementor-column elementor-field-type-submit elementor-col-100 e-form__buttons\">\n\t\t\t\t\t<button class=\"elementor-button elementor-size-sm\" type=\"submit\">\n\t\t\t\t\t\t<span class=\"elementor-button-content-wrapper\">\n\t\t\t\t\t\t\t\t\t\t\t\t\t\t\t\t\t\t\t\t\t\t<span class=\"elementor-button-text\">Send<\/span>\n\t\t\t\t\t\t\t\t\t\t\t\t\t<\/span>\n\t\t\t\t\t<\/button>\n\t\t\t\t<\/div>\n\t\t\t<\/div>\n\t\t<\/form>\n\t\t\t\t\t\t<\/div>\n\t\t\t\t<\/div>\n\t\t\t\t\t<\/div>\n\t\t<\/div>\n\t\t\t\t\t<\/div>\n\t\t<\/section>\n\t\t\t\t<section class=\"elementor-section elementor-top-section elementor-element elementor-element-c58ef28 elementor-section-boxed elementor-section-height-default elementor-section-height-default\" data-id=\"c58ef28\" data-element_type=\"section\" data-e-type=\"section\">\n\t\t\t\t\t\t<div class=\"elementor-container elementor-column-gap-default\">\n\t\t\t\t\t<div class=\"elementor-column elementor-col-100 elementor-top-column elementor-element elementor-element-7383420\" data-id=\"7383420\" data-element_type=\"column\" data-e-type=\"column\">\n\t\t\t<div class=\"elementor-widget-wrap elementor-element-populated\">\n\t\t\t\t\t\t<div class=\"elementor-element elementor-element-5f4199d elementor-widget elementor-widget-html\" data-id=\"5f4199d\" data-element_type=\"widget\" data-e-type=\"widget\" data-widget_type=\"html.default\">\n\t\t\t\t<div class=\"elementor-widget-container\">\n\t\t\t\t\t<iframe src=\"https:\/\/www.google.com\/maps\/embed?pb=!1m18!1m12!1m3!1d3190.518109474354!2d30.815692715292766!3d36.901874879927725!2m3!1f0!2f0!3f0!3m2!1i1024!2i768!4f13.1!3m3!1m2!1s0x14c3839c8cbeb637%3A0xccf6835e201c3ee2!2zQWx0xLFudGHFnywgQWx0xLFuZXIgU2suIE5vOjIsIDA3MTEyIEFrc3UvQW50YWx5YQ!5e0!3m2!1str!2str!4v1605875731681!5m2!1str!2str\" width=\"600\" height=\"450\" frameborder=\"0\" style=\"border:0;\" allowfullscreen=\"\" aria-hidden=\"false\" tabindex=\"0\"><\/iframe>\t\t\t\t<\/div>\n\t\t\t\t<\/div>\n\t\t\t\t\t<\/div>\n\t\t<\/div>\n\t\t\t\t\t<\/div>\n\t\t<\/section>\n\t\t\t\t<\/div>\n\t\t","protected":false},"excerpt":{"rendered":"<p>Contact Address Alt\u0131nta\u015f Mah. Alt\u0131ner Sok. No: 2,07100 Aksu\/Antalya Telephone Information +90 532 579 2407 Our e-mail address info@toyseramalzemeleri.com Write Us<\/p>\n","protected":false},"author":1,"featured_media":0,"parent":0,"menu_order":0,"comment_status":"closed","ping_status":"closed","template":"","meta":{"footnotes":""},"class_list":["post-493","page","type-page","status-publish","hentry"],"aioseo_notices":[],"_links":{"self":[{"href":"https:\/\/www.toyseramalzemeleri.com\/en\/wp-json\/wp\/v2\/pages\/493","targetHints":{"allow":["GET"]}}],"collection":[{"href":"https:\/\/www.toyseramalzemeleri.com\/en\/wp-json\/wp\/v2\/pages"}],"about":[{"href":"https:\/\/www.toyseramalzemeleri.com\/en\/wp-json\/wp\/v2\/types\/page"}],"author":[{"embeddable":true,"href":"https:\/\/www.toyseramalzemeleri.com\/en\/wp-json\/wp\/v2\/users\/1"}],"replies":[{"embeddable":true,"href":"https:\/\/www.toyseramalzemeleri.com\/en\/wp-json\/wp\/v2\/comments?post=493"}],"version-history":[{"count":0,"href":"https:\/\/www.toyseramalzemeleri.com\/en\/wp-json\/wp\/v2\/pages\/493\/revisions"}],"wp:attachment":[{"href":"https:\/\/www.toyseramalzemeleri.com\/en\/wp-json\/wp\/v2\/media?parent=493"}],"curies":[{"name":"wp","href":"https:\/\/api.w.org\/{rel}","templated":true}]}}